{"id":1370,"date":"2026-02-21T12:14:42","date_gmt":"2026-02-21T11:14:42","guid":{"rendered":"https:\/\/xabia.ai\/?page_id=1370"},"modified":"2026-03-25T15:35:12","modified_gmt":"2026-03-25T14:35:12","slug":"legal-notice","status":"publish","type":"page","link":"https:\/\/xabia.ai\/en\/legal-notice\/","title":{"rendered":"Legal notice"},"content":{"rendered":"\t\t<div data-elementor-type=\"wp-page\" data-elementor-id=\"1370\" class=\"elementor elementor-1370 elementor-1209\" data-elementor-post-type=\"page\">\n\t\t\t\t<div class=\"elementor-element elementor-element-cfc9a7e e-flex e-con-boxed e-con e-parent\" data-id=\"cfc9a7e\" data-element_type=\"container\" data-e-type=\"container\">\n\t\t\t\t\t<div class=\"e-con-inner\">\n\t\t\t\t<div class=\"elementor-element elementor-element-f339209 elementor-widget elementor-widget-heading\" data-id=\"f339209\" data-element_type=\"widget\" data-e-type=\"widget\" data-widget_type=\"heading.default\">\n\t\t\t\t\t<h1 class=\"elementor-heading-title elementor-size-default\">Aviso legal<\/h1>\t\t\t\t<\/div>\n\t\t\t\t<div class=\"elementor-element elementor-element-d2f6be5 elementor-widget elementor-widget-text-editor\" data-id=\"d2f6be5\" data-element_type=\"widget\" data-e-type=\"widget\" data-widget_type=\"text-editor.default\">\n\t\t\t\t\t\t\t\t\t<p data-path-to-node=\"4\"><b data-path-to-node=\"4\" data-index-in-node=\"0\">1. INFORMACI\u00d3N GENERAL<\/b><\/p><p data-path-to-node=\"4\">En cumplimiento con el deber de informaci\u00f3n dispuesto en la Ley 34\/2002 de Servicios de la Sociedad de la Informaci\u00f3n y el Comercio Electr\u00f3nico (LSSI-CE), se facilitan los siguientes datos de informaci\u00f3n general de este sitio web:<\/p><ul data-path-to-node=\"5\"><li><p data-path-to-node=\"5,0,0\"><b data-path-to-node=\"5,0,0\" data-index-in-node=\"0\">Titular:<\/b> Jose Gutierrez &#8211; Digixop<\/p><\/li><li><p data-path-to-node=\"5,1,0\"><b data-path-to-node=\"5,1,0\" data-index-in-node=\"0\">NIF\/CIF:<\/b> ES30563749S<\/p><\/li><li><p data-path-to-node=\"5,2,0\"><b data-path-to-node=\"5,2,0\" data-index-in-node=\"0\">Domicilio:<\/b> Garizar 2 &#8211; 48004 Bilbao (BIZKAIA)<\/p><\/li><li><p data-path-to-node=\"5,3,0\"><b data-path-to-node=\"5,3,0\" data-index-in-node=\"0\">Email de contacto:<\/b> jose.g@digixop.com<\/p><\/li><li><p data-path-to-node=\"5,4,0\"><b data-path-to-node=\"5,4,0\" data-index-in-node=\"0\">Sitio Web:<\/b> <a class=\"ng-star-inserted\" href=\"https:\/\/digixop.com\" target=\"_blank\" rel=\"noopener\" data-hveid=\"0\" data-ved=\"0CAAQ_4QMahgKEwiForiFtOqSAxUAAAAAHQAAAAAQpwI\">https:\/\/digixop.com<\/a><\/p><\/li><\/ul><p data-path-to-node=\"6\"><b data-path-to-node=\"6\" data-index-in-node=\"0\">2. PROPIEDAD INTELECTUAL E INDUSTRIAL<\/b><\/p><p data-path-to-node=\"6\">El dise\u00f1o, c\u00f3digo fuente, logos, marcas y dem\u00e1s signos distintivos que aparecen en el sitio web y en el software <b data-path-to-node=\"6\" data-index-in-node=\"151\">Xabia AI<\/b> pertenecen al Titular y est\u00e1n protegidos por los correspondientes derechos de propiedad intelectual e industrial.<\/p><p data-path-to-node=\"7\">Queda estrictamente prohibida la reproducci\u00f3n, distribuci\u00f3n, comunicaci\u00f3n p\u00fablica, transformaci\u00f3n o cualquier otra actividad que se pueda realizar con los contenidos de <b data-path-to-node=\"7\" data-index-in-node=\"169\">Xabia AI<\/b>, ni siquiera citando las fuentes, salvo consentimiento por escrito del Titular.<\/p><p data-path-to-node=\"8\"><b data-path-to-node=\"8\" data-index-in-node=\"0\">3. PROHIBICI\u00d3N DE INGENIER\u00cdA INVERSA<\/b><\/p><p data-path-to-node=\"8\">El software Xabia AI es una obra de propiedad intelectual protegida. Queda expresamente prohibido cualquier intento de descompilaci\u00f3n, ingenier\u00eda inversa, desmontaje o acceso al c\u00f3digo fuente del motor de inteligencia (Cerebro) fuera de los l\u00edmites permitidos por la licencia de uso adquirida.<\/p><p data-path-to-node=\"9\"><b data-path-to-node=\"9\" data-index-in-node=\"0\">4. EXCLUSI\u00d3N DE RESPONSABILIDAD<\/b><\/p><p data-path-to-node=\"9\">El Titular no se hace responsable de los da\u00f1os y perjuicios de cualquier naturaleza que pudieran ocasionar, a t\u00edtulo enunciativo: errores u omisiones en los contenidos, falta de disponibilidad del portal o la transmisi\u00f3n de virus o programas maliciosos, a pesar de haber adoptado todas las medidas tecnol\u00f3gicas necesarias para evitarlo.<\/p><p data-path-to-node=\"10\"><b data-path-to-node=\"10\" data-index-in-node=\"0\">5. LEGISLACI\u00d3N APLICABLE Y JURISDICCI\u00d3N<\/b><\/p><p data-path-to-node=\"10\">Para la resoluci\u00f3n de todas las controversias o cuestiones relacionadas con el presente sitio web o de las actividades en \u00e9l desarrolladas, ser\u00e1 de aplicaci\u00f3n la legislaci\u00f3n espa\u00f1ola, a la que se someten expresamente las partes, siendo competentes para la resoluci\u00f3n de todos los conflictos derivados o relacionados con su uso los Juzgados y Tribunales de Bilbao.<\/p><p data-path-to-node=\"10\">Bilbao, 21 de febrero de 2026<\/p>\t\t\t\t\t\t\t\t<\/div>\n\t\t\t\t\t<\/div>\n\t\t\t\t<\/div>\n\t\t\t\t<\/div>\n\t\t","protected":false},"excerpt":{"rendered":"<p>Aviso legal 1. INFORMACI\u00d3N GENERAL En cumplimiento con el deber de informaci\u00f3n dispuesto en la Ley 34\/2002 de Servicios de la Sociedad de la Informaci\u00f3n y el Comercio Electr\u00f3nico (LSSI-CE), se facilitan los siguientes datos de informaci\u00f3n general de este sitio web: Titular: Jose Gutierrez &#8211; Digixop NIF\/CIF: ES30563749S Domicilio: Garizar 2 &#8211; 48004 Bilbao [&hellip;]<\/p>\n","protected":false},"author":1,"featured_media":0,"parent":0,"menu_order":0,"comment_status":"closed","ping_status":"closed","template":"","meta":{"_acf_changed":false,"footnotes":""},"class_list":["post-1370","page","type-page","status-publish","hentry"],"acf":[],"yoast_head":"<!-- This site is optimized with the Yoast SEO plugin v27.3 - https:\/\/yoast.com\/product\/yoast-seo-wordpress\/ -->\n<title>Legal notice - Xabia<\/title>\n<meta name=\"description\" content=\"Legal notice for Xabia Ai, the artificial intelligence that doesn&#039;t charge you for success, that doesn&#039;t hallucinate, that doesn&#039;t invent... 100% reliable.\" \/>\n<meta name=\"robots\" content=\"noindex, nofollow\" \/>\n<meta property=\"og:locale\" content=\"en_US\" \/>\n<meta property=\"og:type\" content=\"article\" \/>\n<meta property=\"og:title\" content=\"Legal notice - Xabia\" \/>\n<meta property=\"og:description\" content=\"Legal notice for Xabia Ai, the artificial intelligence that doesn&#039;t charge you for success, that doesn&#039;t hallucinate, that doesn&#039;t invent... 100% reliable.\" \/>\n<meta property=\"og:url\" content=\"https:\/\/xabia.ai\/en\/legal-notice\/\" \/>\n<meta property=\"og:site_name\" content=\"Xabia\" \/>\n<meta property=\"article:modified_time\" content=\"2026-03-25T14:35:12+00:00\" \/>\n<meta name=\"twitter:card\" content=\"summary_large_image\" \/>\n<script type=\"application\/ld+json\" class=\"yoast-schema-graph\">{\"@context\":\"https:\\\/\\\/schema.org\",\"@graph\":[{\"@type\":\"WebPage\",\"@id\":\"https:\\\/\\\/xabia.ai\\\/en\\\/legal-notice\\\/\",\"url\":\"https:\\\/\\\/xabia.ai\\\/en\\\/legal-notice\\\/\",\"name\":\"Legal notice - Xabia\",\"isPartOf\":{\"@id\":\"https:\\\/\\\/xabia.ai\\\/en\\\/#website\"},\"datePublished\":\"2026-02-21T11:14:42+00:00\",\"dateModified\":\"2026-03-25T14:35:12+00:00\",\"description\":\"Legal notice for Xabia Ai, the artificial intelligence that doesn't charge you for success, that doesn't hallucinate, that doesn't invent... 100% reliable.\",\"breadcrumb\":{\"@id\":\"https:\\\/\\\/xabia.ai\\\/en\\\/legal-notice\\\/#breadcrumb\"},\"inLanguage\":\"en-US\",\"potentialAction\":[{\"@type\":\"ReadAction\",\"target\":[\"https:\\\/\\\/xabia.ai\\\/en\\\/legal-notice\\\/\"]}]},{\"@type\":\"BreadcrumbList\",\"@id\":\"https:\\\/\\\/xabia.ai\\\/en\\\/legal-notice\\\/#breadcrumb\",\"itemListElement\":[{\"@type\":\"ListItem\",\"position\":1,\"name\":\"Home\",\"item\":\"https:\\\/\\\/xabia.ai\\\/en\\\/\"},{\"@type\":\"ListItem\",\"position\":2,\"name\":\"Legal notice\"}]},{\"@type\":\"WebSite\",\"@id\":\"https:\\\/\\\/xabia.ai\\\/en\\\/#website\",\"url\":\"https:\\\/\\\/xabia.ai\\\/en\\\/\",\"name\":\"Xabia Ai\",\"description\":\"Sabidur\u00eda natural con inteligencia artificial\",\"publisher\":{\"@id\":\"https:\\\/\\\/xabia.ai\\\/en\\\/#organization\"},\"potentialAction\":[{\"@type\":\"SearchAction\",\"target\":{\"@type\":\"EntryPoint\",\"urlTemplate\":\"https:\\\/\\\/xabia.ai\\\/en\\\/?s={search_term_string}\"},\"query-input\":{\"@type\":\"PropertyValueSpecification\",\"valueRequired\":true,\"valueName\":\"search_term_string\"}}],\"inLanguage\":\"en-US\"},{\"@type\":\"Organization\",\"@id\":\"https:\\\/\\\/xabia.ai\\\/en\\\/#organization\",\"name\":\"Xabia Ai\",\"url\":\"https:\\\/\\\/xabia.ai\\\/en\\\/\",\"logo\":{\"@type\":\"ImageObject\",\"inLanguage\":\"en-US\",\"@id\":\"https:\\\/\\\/xabia.ai\\\/en\\\/#\\\/schema\\\/logo\\\/image\\\/\",\"url\":\"https:\\\/\\\/xabia.ai\\\/wp-content\\\/uploads\\\/2025\\\/10\\\/logo-xabia.svg\",\"contentUrl\":\"https:\\\/\\\/xabia.ai\\\/wp-content\\\/uploads\\\/2025\\\/10\\\/logo-xabia.svg\",\"width\":665,\"height\":227,\"caption\":\"Xabia Ai\"},\"image\":{\"@id\":\"https:\\\/\\\/xabia.ai\\\/en\\\/#\\\/schema\\\/logo\\\/image\\\/\"}}]}<\/script>\n<!-- \/ Yoast SEO plugin. -->","yoast_head_json":{"title":"Legal notice - Xabia","description":"Legal notice for Xabia Ai, the artificial intelligence that doesn't charge you for success, that doesn't hallucinate, that doesn't invent... 100% reliable.","robots":{"index":"noindex","follow":"nofollow"},"og_locale":"en_US","og_type":"article","og_title":"Legal notice - Xabia","og_description":"Legal notice for Xabia Ai, the artificial intelligence that doesn't charge you for success, that doesn't hallucinate, that doesn't invent... 100% reliable.","og_url":"https:\/\/xabia.ai\/en\/legal-notice\/","og_site_name":"Xabia","article_modified_time":"2026-03-25T14:35:12+00:00","twitter_card":"summary_large_image","schema":{"@context":"https:\/\/schema.org","@graph":[{"@type":"WebPage","@id":"https:\/\/xabia.ai\/en\/legal-notice\/","url":"https:\/\/xabia.ai\/en\/legal-notice\/","name":"Legal notice - Xabia","isPartOf":{"@id":"https:\/\/xabia.ai\/en\/#website"},"datePublished":"2026-02-21T11:14:42+00:00","dateModified":"2026-03-25T14:35:12+00:00","description":"Legal notice for Xabia Ai, the artificial intelligence that doesn't charge you for success, that doesn't hallucinate, that doesn't invent... 100% reliable.","breadcrumb":{"@id":"https:\/\/xabia.ai\/en\/legal-notice\/#breadcrumb"},"inLanguage":"en-US","potentialAction":[{"@type":"ReadAction","target":["https:\/\/xabia.ai\/en\/legal-notice\/"]}]},{"@type":"BreadcrumbList","@id":"https:\/\/xabia.ai\/en\/legal-notice\/#breadcrumb","itemListElement":[{"@type":"ListItem","position":1,"name":"Home","item":"https:\/\/xabia.ai\/en\/"},{"@type":"ListItem","position":2,"name":"Legal notice"}]},{"@type":"WebSite","@id":"https:\/\/xabia.ai\/en\/#website","url":"https:\/\/xabia.ai\/en\/","name":"Xabia Ai","description":"Sabidur\u00eda natural con inteligencia artificial","publisher":{"@id":"https:\/\/xabia.ai\/en\/#organization"},"potentialAction":[{"@type":"SearchAction","target":{"@type":"EntryPoint","urlTemplate":"https:\/\/xabia.ai\/en\/?s={search_term_string}"},"query-input":{"@type":"PropertyValueSpecification","valueRequired":true,"valueName":"search_term_string"}}],"inLanguage":"en-US"},{"@type":"Organization","@id":"https:\/\/xabia.ai\/en\/#organization","name":"Xabia Ai","url":"https:\/\/xabia.ai\/en\/","logo":{"@type":"ImageObject","inLanguage":"en-US","@id":"https:\/\/xabia.ai\/en\/#\/schema\/logo\/image\/","url":"https:\/\/xabia.ai\/wp-content\/uploads\/2025\/10\/logo-xabia.svg","contentUrl":"https:\/\/xabia.ai\/wp-content\/uploads\/2025\/10\/logo-xabia.svg","width":665,"height":227,"caption":"Xabia Ai"},"image":{"@id":"https:\/\/xabia.ai\/en\/#\/schema\/logo\/image\/"}}]}},"_links":{"self":[{"href":"https:\/\/xabia.ai\/en\/wp-json\/wp\/v2\/pages\/1370","targetHints":{"allow":["GET"]}}],"collection":[{"href":"https:\/\/xabia.ai\/en\/wp-json\/wp\/v2\/pages"}],"about":[{"href":"https:\/\/xabia.ai\/en\/wp-json\/wp\/v2\/types\/page"}],"author":[{"embeddable":true,"href":"https:\/\/xabia.ai\/en\/wp-json\/wp\/v2\/users\/1"}],"replies":[{"embeddable":true,"href":"https:\/\/xabia.ai\/en\/wp-json\/wp\/v2\/comments?post=1370"}],"version-history":[{"count":1,"href":"https:\/\/xabia.ai\/en\/wp-json\/wp\/v2\/pages\/1370\/revisions"}],"predecessor-version":[{"id":1381,"href":"https:\/\/xabia.ai\/en\/wp-json\/wp\/v2\/pages\/1370\/revisions\/1381"}],"wp:attachment":[{"href":"https:\/\/xabia.ai\/en\/wp-json\/wp\/v2\/media?parent=1370"}],"curies":[{"name":"wp","href":"https:\/\/api.w.org\/{rel}","templated":true}]}}