{"id":1413,"date":"2026-02-21T12:14:42","date_gmt":"2026-02-21T11:14:42","guid":{"rendered":"https:\/\/xabia.ai\/?page_id=1413"},"modified":"2026-03-25T15:40:19","modified_gmt":"2026-03-25T14:40:19","slug":"lege-oharra","status":"publish","type":"page","link":"https:\/\/xabia.ai\/eu\/lege-oharra\/","title":{"rendered":"Lege oharra"},"content":{"rendered":"\t\t<div data-elementor-type=\"wp-page\" data-elementor-id=\"1413\" class=\"elementor elementor-1413 elementor-1209\" data-elementor-post-type=\"page\">\n\t\t\t\t<div class=\"elementor-element elementor-element-cfc9a7e e-flex e-con-boxed e-con e-parent\" data-id=\"cfc9a7e\" data-element_type=\"container\" data-e-type=\"container\">\n\t\t\t\t\t<div class=\"e-con-inner\">\n\t\t\t\t<div class=\"elementor-element elementor-element-f339209 elementor-widget elementor-widget-heading\" data-id=\"f339209\" data-element_type=\"widget\" data-e-type=\"widget\" data-widget_type=\"heading.default\">\n\t\t\t\t\t<h1 class=\"elementor-heading-title elementor-size-default\">Lege oharra<\/h1>\t\t\t\t<\/div>\n\t\t\t\t<div class=\"elementor-element elementor-element-d2f6be5 elementor-widget elementor-widget-text-editor\" data-id=\"d2f6be5\" data-element_type=\"widget\" data-e-type=\"widget\" data-widget_type=\"text-editor.default\">\n\t\t\t\t\t\t\t\t\t<p data-path-to-node=\"4\"><b data-path-to-node=\"4\" data-index-in-node=\"0\">1. INFORMAZIO OROKORRA<\/b><\/p><p data-path-to-node=\"4\"> Informazioaren Gizartearen Zerbitzuei eta Merkataritza Elektronikoari buruzko 34\/2002 Legeak (LSSI-CE) ezarritako informazioa emateko betebeharra betez, webgune honi buruzko informazio orokorra ematen da:<\/p><ul data-path-to-node=\"5\"><li><p data-path-to-node=\"5,0,0\"> <b data-path-to-node=\"5,0,0\" data-index-in-node=\"0\">Jabea:<\/b> Jose Gutierrez &#8211; Digixop<\/p><\/li><li><p data-path-to-node=\"5,1,0\"> <b data-path-to-node=\"5,1,0\" data-index-in-node=\"0\">IFZ\/IFZ:<\/b> ES30563749S<\/p><\/li><li><p data-path-to-node=\"5,2,0\"> <b data-path-to-node=\"5,2,0\" data-index-in-node=\"0\">Helbidea:<\/b> Garizar 2 &#8211; 48004 Bilbao (BIZKAIA)<\/p><\/li><li><p data-path-to-node=\"5,3,0\"> <b data-path-to-node=\"5,3,0\" data-index-in-node=\"0\">Harremanetarako helbide elektronikoa:<\/b> jose.g@digixop.com<\/p><\/li><li><p data-path-to-node=\"5,4,0\"> <b data-path-to-node=\"5,4,0\" data-index-in-node=\"0\">Webgunea:<\/b> <a class=\"ng-star-inserted\" href=\"https:\/\/digixop.com\" target=\"_blank\" rel=\"noopener\" data-hveid=\"0\" data-ved=\"0CAAQ_4QMahgKEwiForiFtOqSAxUAAAAAHQAAAAAQpwI\">https:\/\/digixop.com<\/a><\/p><\/li><\/ul><p data-path-to-node=\"6\"> <b data-path-to-node=\"6\" data-index-in-node=\"0\">2. JABETZA INTELEKTUALA ETA INDUSTRIALA<\/b><\/p><p data-path-to-node=\"6\"> Webgunean eta <b data-path-to-node=\"6\" data-index-in-node=\"151\">Xabia AI<\/b> softwarean agertzen diren diseinua, iturburu-kodea, logotipoak, marka komertzialak eta bestelako zeinu bereizgarriak Jabearenak dira eta dagokien jabetza intelektual eta industrialaren eskubideek babesten dituzte.<\/p><p data-path-to-node=\"7\"> <b data-path-to-node=\"7\" data-index-in-node=\"169\">Xabia AI<\/b> -ren edukiekin erreprodukzioa, banaketa, komunikazio publikoa, eraldaketa edo beste edozein jarduera erabat debekatuta dago, iturriak aipatuta ere, Jabearen idatzizko baimena izan ezean.<\/p><p data-path-to-node=\"8\"> <b data-path-to-node=\"8\" data-index-in-node=\"0\">3. ATZERAKO INGENIARITZAREN DEBEKUA<\/b><\/p><p data-path-to-node=\"8\"> Xabia AI softwarea jabetza intelektual babestua da. Debekatuta dago erositako lizentziak baimentzen dituen mugetatik kanpo adimen-motorraren (Brain) iturburu-kodea deskonpilatzeko, alderantzizko ingeniaritza egiteko, desmuntatzeko edo atzitzeko edozein saiakera.<\/p><p data-path-to-node=\"9\"> <b data-path-to-node=\"9\" data-index-in-node=\"0\">4. ERANTZUKIZUNAREN BAZTERKETA<\/b><\/p><p data-path-to-node=\"9\"> Jabeak ez du inolako erantzukizunik izango sor daitezkeen kalteengatik, besteak beste: edukian dauden akatsak edo hutsuneak, atariaren erabilgarritasun eza edo birusen edo programa gaiztoen transmisioa, hori saihesteko beharrezko neurri teknologiko guztiak hartu arren.<\/p><p data-path-to-node=\"10\"> <b data-path-to-node=\"10\" data-index-in-node=\"0\">5. APLIKAGARRI DAGOEN LEGE ETA JURISDIKZIOA<\/b><\/p><p data-path-to-node=\"10\"> Webgune honekin edo bertan egiten diren jarduerekin lotutako gatazka edo arazo guztiak konpontzeko, Espainiako legedia aplikatuko da, eta alderdiek berariaz men egiten diote legeriari, eta Bilboko Epaitegi eta Auzitegiek izango dute eskumena haren erabileratik sortutako edo harekin lotutako gatazka guztiak ebazteko.<\/p><p data-path-to-node=\"10\"> Bilbo, 2026ko otsailaren 21a<\/p>\t\t\t\t\t\t\t\t<\/div>\n\t\t\t\t\t<\/div>\n\t\t\t\t<\/div>\n\t\t\t\t<\/div>\n\t\t","protected":false},"excerpt":{"rendered":"<p>Aviso legal 1. INFORMACI\u00d3N GENERAL En cumplimiento con el deber de informaci\u00f3n dispuesto en la Ley 34\/2002 de Servicios de la Sociedad de la Informaci\u00f3n y el Comercio Electr\u00f3nico (LSSI-CE), se facilitan los siguientes datos de informaci\u00f3n general de este sitio web: Titular: Jose Gutierrez &#8211; Digixop NIF\/CIF: ES30563749S Domicilio: Garizar 2 &#8211; 48004 Bilbao [&hellip;]<\/p>\n","protected":false},"author":1,"featured_media":0,"parent":0,"menu_order":0,"comment_status":"closed","ping_status":"closed","template":"","meta":{"_acf_changed":false,"footnotes":""},"class_list":["post-1413","page","type-page","status-publish","hentry"],"acf":[],"yoast_head":"<!-- This site is optimized with the Yoast SEO plugin v27.3 - https:\/\/yoast.com\/product\/yoast-seo-wordpress\/ -->\n<title>Lege oharra - Xabia<\/title>\n<meta name=\"description\" content=\"Xabia Ai-ren legezko oharra, arrakastagatik kobratzen ez dizun, haluzinaziorik egiten ez duen, asmatzen ez duen adimen artifiziala... 0 fidagarria.\" \/>\n<meta name=\"robots\" content=\"noindex, nofollow\" \/>\n<meta property=\"og:locale\" content=\"en_US\" \/>\n<meta property=\"og:type\" content=\"article\" \/>\n<meta property=\"og:title\" content=\"Lege oharra - Xabia\" \/>\n<meta property=\"og:description\" content=\"Xabia Ai-ren legezko oharra, arrakastagatik kobratzen ez dizun, haluzinaziorik egiten ez duen, asmatzen ez duen adimen artifiziala... 0 fidagarria.\" \/>\n<meta property=\"og:url\" content=\"https:\/\/xabia.ai\/eu\/lege-oharra\/\" \/>\n<meta property=\"og:site_name\" content=\"Xabia\" \/>\n<meta property=\"article:modified_time\" content=\"2026-03-25T14:40:19+00:00\" \/>\n<meta name=\"twitter:card\" content=\"summary_large_image\" \/>\n<script type=\"application\/ld+json\" class=\"yoast-schema-graph\">{\"@context\":\"https:\\\/\\\/schema.org\",\"@graph\":[{\"@type\":\"WebPage\",\"@id\":\"https:\\\/\\\/xabia.ai\\\/eu\\\/lege-oharra\\\/\",\"url\":\"https:\\\/\\\/xabia.ai\\\/eu\\\/lege-oharra\\\/\",\"name\":\"Lege oharra - Xabia\",\"isPartOf\":{\"@id\":\"https:\\\/\\\/xabia.ai\\\/eu\\\/#website\"},\"datePublished\":\"2026-02-21T11:14:42+00:00\",\"dateModified\":\"2026-03-25T14:40:19+00:00\",\"description\":\"Xabia Ai-ren legezko oharra, arrakastagatik kobratzen ez dizun, haluzinaziorik egiten ez duen, asmatzen ez duen adimen artifiziala... 0 fidagarria.\",\"breadcrumb\":{\"@id\":\"https:\\\/\\\/xabia.ai\\\/eu\\\/lege-oharra\\\/#breadcrumb\"},\"inLanguage\":\"eu\",\"potentialAction\":[{\"@type\":\"ReadAction\",\"target\":[\"https:\\\/\\\/xabia.ai\\\/eu\\\/lege-oharra\\\/\"]}]},{\"@type\":\"BreadcrumbList\",\"@id\":\"https:\\\/\\\/xabia.ai\\\/eu\\\/lege-oharra\\\/#breadcrumb\",\"itemListElement\":[{\"@type\":\"ListItem\",\"position\":1,\"name\":\"Home\",\"item\":\"https:\\\/\\\/xabia.ai\\\/eu\\\/\"},{\"@type\":\"ListItem\",\"position\":2,\"name\":\"Lege oharra\"}]},{\"@type\":\"WebSite\",\"@id\":\"https:\\\/\\\/xabia.ai\\\/eu\\\/#website\",\"url\":\"https:\\\/\\\/xabia.ai\\\/eu\\\/\",\"name\":\"Xabia Ai\",\"description\":\"Sabidur\u00eda natural con inteligencia artificial\",\"publisher\":{\"@id\":\"https:\\\/\\\/xabia.ai\\\/eu\\\/#organization\"},\"potentialAction\":[{\"@type\":\"SearchAction\",\"target\":{\"@type\":\"EntryPoint\",\"urlTemplate\":\"https:\\\/\\\/xabia.ai\\\/eu\\\/?s={search_term_string}\"},\"query-input\":{\"@type\":\"PropertyValueSpecification\",\"valueRequired\":true,\"valueName\":\"search_term_string\"}}],\"inLanguage\":\"eu\"},{\"@type\":\"Organization\",\"@id\":\"https:\\\/\\\/xabia.ai\\\/eu\\\/#organization\",\"name\":\"Xabia Ai\",\"url\":\"https:\\\/\\\/xabia.ai\\\/eu\\\/\",\"logo\":{\"@type\":\"ImageObject\",\"inLanguage\":\"eu\",\"@id\":\"https:\\\/\\\/xabia.ai\\\/eu\\\/#\\\/schema\\\/logo\\\/image\\\/\",\"url\":\"https:\\\/\\\/xabia.ai\\\/wp-content\\\/uploads\\\/2025\\\/10\\\/logo-xabia.svg\",\"contentUrl\":\"https:\\\/\\\/xabia.ai\\\/wp-content\\\/uploads\\\/2025\\\/10\\\/logo-xabia.svg\",\"width\":665,\"height\":227,\"caption\":\"Xabia Ai\"},\"image\":{\"@id\":\"https:\\\/\\\/xabia.ai\\\/eu\\\/#\\\/schema\\\/logo\\\/image\\\/\"}}]}<\/script>\n<!-- \/ Yoast SEO plugin. -->","yoast_head_json":{"title":"Lege oharra - Xabia","description":"Xabia Ai-ren legezko oharra, arrakastagatik kobratzen ez dizun, haluzinaziorik egiten ez duen, asmatzen ez duen adimen artifiziala... 0 fidagarria.","robots":{"index":"noindex","follow":"nofollow"},"og_locale":"en_US","og_type":"article","og_title":"Lege oharra - Xabia","og_description":"Xabia Ai-ren legezko oharra, arrakastagatik kobratzen ez dizun, haluzinaziorik egiten ez duen, asmatzen ez duen adimen artifiziala... 0 fidagarria.","og_url":"https:\/\/xabia.ai\/eu\/lege-oharra\/","og_site_name":"Xabia","article_modified_time":"2026-03-25T14:40:19+00:00","twitter_card":"summary_large_image","schema":{"@context":"https:\/\/schema.org","@graph":[{"@type":"WebPage","@id":"https:\/\/xabia.ai\/eu\/lege-oharra\/","url":"https:\/\/xabia.ai\/eu\/lege-oharra\/","name":"Lege oharra - Xabia","isPartOf":{"@id":"https:\/\/xabia.ai\/eu\/#website"},"datePublished":"2026-02-21T11:14:42+00:00","dateModified":"2026-03-25T14:40:19+00:00","description":"Xabia Ai-ren legezko oharra, arrakastagatik kobratzen ez dizun, haluzinaziorik egiten ez duen, asmatzen ez duen adimen artifiziala... 0 fidagarria.","breadcrumb":{"@id":"https:\/\/xabia.ai\/eu\/lege-oharra\/#breadcrumb"},"inLanguage":"eu","potentialAction":[{"@type":"ReadAction","target":["https:\/\/xabia.ai\/eu\/lege-oharra\/"]}]},{"@type":"BreadcrumbList","@id":"https:\/\/xabia.ai\/eu\/lege-oharra\/#breadcrumb","itemListElement":[{"@type":"ListItem","position":1,"name":"Home","item":"https:\/\/xabia.ai\/eu\/"},{"@type":"ListItem","position":2,"name":"Lege oharra"}]},{"@type":"WebSite","@id":"https:\/\/xabia.ai\/eu\/#website","url":"https:\/\/xabia.ai\/eu\/","name":"Xabia Ai","description":"Sabidur\u00eda natural con inteligencia artificial","publisher":{"@id":"https:\/\/xabia.ai\/eu\/#organization"},"potentialAction":[{"@type":"SearchAction","target":{"@type":"EntryPoint","urlTemplate":"https:\/\/xabia.ai\/eu\/?s={search_term_string}"},"query-input":{"@type":"PropertyValueSpecification","valueRequired":true,"valueName":"search_term_string"}}],"inLanguage":"eu"},{"@type":"Organization","@id":"https:\/\/xabia.ai\/eu\/#organization","name":"Xabia Ai","url":"https:\/\/xabia.ai\/eu\/","logo":{"@type":"ImageObject","inLanguage":"eu","@id":"https:\/\/xabia.ai\/eu\/#\/schema\/logo\/image\/","url":"https:\/\/xabia.ai\/wp-content\/uploads\/2025\/10\/logo-xabia.svg","contentUrl":"https:\/\/xabia.ai\/wp-content\/uploads\/2025\/10\/logo-xabia.svg","width":665,"height":227,"caption":"Xabia Ai"},"image":{"@id":"https:\/\/xabia.ai\/eu\/#\/schema\/logo\/image\/"}}]}},"_links":{"self":[{"href":"https:\/\/xabia.ai\/eu\/wp-json\/wp\/v2\/pages\/1413","targetHints":{"allow":["GET"]}}],"collection":[{"href":"https:\/\/xabia.ai\/eu\/wp-json\/wp\/v2\/pages"}],"about":[{"href":"https:\/\/xabia.ai\/eu\/wp-json\/wp\/v2\/types\/page"}],"author":[{"embeddable":true,"href":"https:\/\/xabia.ai\/eu\/wp-json\/wp\/v2\/users\/1"}],"replies":[{"embeddable":true,"href":"https:\/\/xabia.ai\/eu\/wp-json\/wp\/v2\/comments?post=1413"}],"version-history":[{"count":1,"href":"https:\/\/xabia.ai\/eu\/wp-json\/wp\/v2\/pages\/1413\/revisions"}],"predecessor-version":[{"id":1427,"href":"https:\/\/xabia.ai\/eu\/wp-json\/wp\/v2\/pages\/1413\/revisions\/1427"}],"wp:attachment":[{"href":"https:\/\/xabia.ai\/eu\/wp-json\/wp\/v2\/media?parent=1413"}],"curies":[{"name":"wp","href":"https:\/\/api.w.org\/{rel}","templated":true}]}}